{"id":2295,"date":"2025-11-04T11:08:15","date_gmt":"2025-11-04T10:08:15","guid":{"rendered":"https:\/\/www.ipm-img-marinegroup.com\/ferry-operators\/trasmapi\/"},"modified":"2026-01-22T15:14:46","modified_gmt":"2026-01-22T14:14:46","slug":"trasmapi","status":"publish","type":"page","link":"https:\/\/www.ipm-img-marinegroup.com\/en\/ferry-operators\/trasmapi\/","title":{"rendered":"Trasmapi"},"content":{"rendered":"\t\t<div data-elementor-type=\"wp-post\" data-elementor-id=\"2295\" class=\"elementor elementor-2295 elementor-1479\" data-elementor-post-type=\"page\">\n\t\t\t\t\t\t<section class=\"elementor-section elementor-top-section elementor-element elementor-element-180dd866 elementor-section-content-bottom elementor-section-height-min-height elementor-section-items-bottom elementor-section-boxed elementor-section-height-default\" data-id=\"180dd866\" data-element_type=\"section\" data-e-type=\"section\" data-settings=\"{&quot;background_background&quot;:&quot;slideshow&quot;,&quot;background_slideshow_gallery&quot;:[{&quot;id&quot;:2225,&quot;url&quot;:&quot;https:\\\/\\\/www.ipm-img-marinegroup.com\\\/wp-content\\\/uploads\\\/2025\\\/10\\\/Trasmapi50_006_logotipo-corregido.jpg&quot;},{&quot;id&quot;:2227,&quot;url&quot;:&quot;https:\\\/\\\/www.ipm-img-marinegroup.com\\\/wp-content\\\/uploads\\\/2025\\\/10\\\/Castavi50-1.jpg&quot;},{&quot;id&quot;:2220,&quot;url&quot;:&quot;https:\\\/\\\/www.ipm-img-marinegroup.com\\\/wp-content\\\/uploads\\\/2025\\\/10\\\/FOTO-PORTADA-scaled.jpg&quot;}],&quot;background_slideshow_lazyload&quot;:&quot;yes&quot;,&quot;background_slideshow_ken_burns&quot;:&quot;yes&quot;,&quot;background_slideshow_loop&quot;:&quot;yes&quot;,&quot;background_slideshow_slide_duration&quot;:5000,&quot;background_slideshow_slide_transition&quot;:&quot;fade&quot;,&quot;background_slideshow_transition_duration&quot;:500,&quot;background_slideshow_ken_burns_zoom_direction&quot;:&quot;in&quot;}\">\n\t\t\t\t\t\t\t<div class=\"elementor-background-overlay\"><\/div>\n\t\t\t\t\t\t\t<div class=\"elementor-container elementor-column-gap-default\">\n\t\t\t\t\t<div class=\"elementor-column elementor-col-100 elementor-top-column elementor-element elementor-element-163f850a\" data-id=\"163f850a\" data-element_type=\"column\" data-e-type=\"column\">\n\t\t\t<div class=\"elementor-widget-wrap elementor-element-populated\">\n\t\t\t\t\t\t<div class=\"elementor-element elementor-element-1e9a834a elementor-widget__width-inherit elementor-invisible elementor-widget elementor-widget-heading\" data-id=\"1e9a834a\" data-element_type=\"widget\" data-e-type=\"widget\" data-settings=\"{&quot;_animation&quot;:&quot;fadeInUp&quot;}\" data-widget_type=\"heading.default\">\n\t\t\t\t\t<h1 class=\"elementor-heading-title elementor-size-default\">Trasmapi<\/h1>\t\t\t\t<\/div>\n\t\t\t\t<div class=\"elementor-element elementor-element-2920cbcf elementor-widget-divider--view-line elementor-invisible elementor-widget elementor-widget-divider\" data-id=\"2920cbcf\" data-element_type=\"widget\" data-e-type=\"widget\" data-settings=\"{&quot;_animation&quot;:&quot;fadeInUp&quot;,&quot;_animation_delay&quot;:100}\" data-widget_type=\"divider.default\">\n\t\t\t\t\t\t\t<div class=\"elementor-divider\">\n\t\t\t<span class=\"elementor-divider-separator\">\n\t\t\t\t\t\t<\/span>\n\t\t<\/div>\n\t\t\t\t\t\t<\/div>\n\t\t\t\t<div class=\"elementor-element elementor-element-1f5fb2e elementor-widget elementor-widget-eael-breadcrumbs\" data-id=\"1f5fb2e\" data-element_type=\"widget\" data-e-type=\"widget\" data-widget_type=\"eael-breadcrumbs.default\">\n\t\t\t\t<div class=\"elementor-widget-container\">\n\t\t\t\t\t\t\t<div class=\"eael-breadcrumbs\">\n\t\t\t<div class=\"eael-breadcrumbs__content\"><a href=\"https:\/\/www.ipm-img-marinegroup.com\/en\/\">Inicio<\/a> <span class=\"eael-breadcrumb-separator\">\/<\/span> <span class = \"eael-current\">Page<\/span><\/div>\t\t<\/div>\n\t\t\t\t\t\t<\/div>\n\t\t\t\t<\/div>\n\t\t\t\t\t<\/div>\n\t\t<\/div>\n\t\t\t\t\t<\/div>\n\t\t<\/section>\n\t\t<div class=\"elementor-element elementor-element-a54b8c6 ignore-toc e-flex e-con-boxed e-con e-parent\" data-id=\"a54b8c6\" data-element_type=\"container\" data-e-type=\"container\">\n\t\t\t\t\t<div class=\"e-con-inner\">\n\t\t<div class=\"elementor-element elementor-element-0e81b9f e-con-full e-flex e-con e-child\" data-id=\"0e81b9f\" data-element_type=\"container\" data-e-type=\"container\" data-settings=\"{&quot;background_background&quot;:&quot;classic&quot;}\">\n\t\t\t\t<div class=\"elementor-element elementor-element-1cea416 elementor-widget elementor-widget-image\" data-id=\"1cea416\" data-element_type=\"widget\" data-e-type=\"widget\" data-widget_type=\"image.default\">\n\t\t\t\t\t\t\t\t\t\t\t\t\t\t\t<img decoding=\"async\" width=\"300\" height=\"40\" src=\"https:\/\/www.ipm-img-marinegroup.com\/wp-content\/uploads\/2025\/11\/Logo-Trasmapi-50-Aniv-final-azul-fecha-300x40.png\" class=\"attachment-medium size-medium wp-image-2294\" alt=\"\" srcset=\"https:\/\/www.ipm-img-marinegroup.com\/wp-content\/uploads\/2025\/11\/Logo-Trasmapi-50-Aniv-final-azul-fecha-300x40.png 300w, https:\/\/www.ipm-img-marinegroup.com\/wp-content\/uploads\/2025\/11\/Logo-Trasmapi-50-Aniv-final-azul-fecha-1024x138.png 1024w, https:\/\/www.ipm-img-marinegroup.com\/wp-content\/uploads\/2025\/11\/Logo-Trasmapi-50-Aniv-final-azul-fecha-768x104.png 768w, https:\/\/www.ipm-img-marinegroup.com\/wp-content\/uploads\/2025\/11\/Logo-Trasmapi-50-Aniv-final-azul-fecha-1536x207.png 1536w, https:\/\/www.ipm-img-marinegroup.com\/wp-content\/uploads\/2025\/11\/Logo-Trasmapi-50-Aniv-final-azul-fecha-2048x276.png 2048w\" sizes=\"(max-width: 300px) 100vw, 300px\" \/>\t\t\t\t\t\t\t\t\t\t\t\t\t\t\t<\/div>\n\t\t\t\t<div class=\"elementor-element elementor-element-f400133 elementor-widget elementor-widget-spacer\" data-id=\"f400133\" data-element_type=\"widget\" data-e-type=\"widget\" data-widget_type=\"spacer.default\">\n\t\t\t\t\t\t\t<div class=\"elementor-spacer\">\n\t\t\t<div class=\"elementor-spacer-inner\"><\/div>\n\t\t<\/div>\n\t\t\t\t\t\t<\/div>\n\t\t\t\t<div class=\"elementor-element elementor-element-2632a56 elementor-widget elementor-widget-heading\" data-id=\"2632a56\" data-element_type=\"widget\" data-e-type=\"widget\" data-widget_type=\"heading.default\">\n\t\t\t\t\t<h5 class=\"elementor-heading-title elementor-size-default\">Leader on the Ibiza-Formentera route<\/h5>\t\t\t\t<\/div>\n\t\t\t\t<div class=\"elementor-element elementor-element-e8a180e elementor-widget elementor-widget-spacer\" data-id=\"e8a180e\" data-element_type=\"widget\" data-e-type=\"widget\" data-widget_type=\"spacer.default\">\n\t\t\t\t\t\t\t<div class=\"elementor-spacer\">\n\t\t\t<div class=\"elementor-spacer-inner\"><\/div>\n\t\t<\/div>\n\t\t\t\t\t\t<\/div>\n\t\t<div class=\"elementor-element elementor-element-86599d3 e-con-full e-grid e-con e-child\" data-id=\"86599d3\" data-element_type=\"container\" data-e-type=\"container\">\n\t\t\t\t<div class=\"elementor-element elementor-element-31e11df elementor-widget elementor-widget-text-editor\" data-id=\"31e11df\" data-element_type=\"widget\" data-e-type=\"widget\" data-widget_type=\"text-editor.default\">\n\t\t\t\t\t\t\t\t\t<p>Trasmapi has always been at the forefront of ferry travel between Ibiza and Formentera. Founded in the 1960s, we have grown to become the leading operator between Ibiza and Formentera, welcoming over one million passengers every year.<\/p>\t\t\t\t\t\t\t\t<\/div>\n\t\t\t\t<\/div>\n\t\t\t\t<div class=\"elementor-element elementor-element-6468db7 elementor-widget-divider--view-line elementor-widget elementor-widget-divider\" data-id=\"6468db7\" data-element_type=\"widget\" data-e-type=\"widget\" data-widget_type=\"divider.default\">\n\t\t\t\t\t\t\t<div class=\"elementor-divider\">\n\t\t\t<span class=\"elementor-divider-separator\">\n\t\t\t\t\t\t<\/span>\n\t\t<\/div>\n\t\t\t\t\t\t<\/div>\n\t\t\t\t<div class=\"elementor-element elementor-element-4af8e5d elementor-widget elementor-widget-spacer\" data-id=\"4af8e5d\" data-element_type=\"widget\" data-e-type=\"widget\" data-widget_type=\"spacer.default\">\n\t\t\t\t\t\t\t<div class=\"elementor-spacer\">\n\t\t\t<div class=\"elementor-spacer-inner\"><\/div>\n\t\t<\/div>\n\t\t\t\t\t\t<\/div>\n\t\t\t\t<div class=\"elementor-element elementor-element-040894a elementor-widget elementor-widget-heading\" data-id=\"040894a\" data-element_type=\"widget\" data-e-type=\"widget\" data-widget_type=\"heading.default\">\n\t\t\t\t\t<h5 class=\"elementor-heading-title elementor-size-default\">Main routes and services<\/h5>\t\t\t\t<\/div>\n\t\t\t\t<div class=\"elementor-element elementor-element-76105f3 elementor-widget elementor-widget-spacer\" data-id=\"76105f3\" data-element_type=\"widget\" data-e-type=\"widget\" data-widget_type=\"spacer.default\">\n\t\t\t\t\t\t\t<div class=\"elementor-spacer\">\n\t\t\t<div class=\"elementor-spacer-inner\"><\/div>\n\t\t<\/div>\n\t\t\t\t\t\t<\/div>\n\t\t<div class=\"elementor-element elementor-element-ce7c455 e-con-full e-grid e-con e-child\" data-id=\"ce7c455\" data-element_type=\"container\" data-e-type=\"container\">\n\t\t\t\t<div class=\"elementor-element elementor-element-1c3383a elementor-align-start elementor-icon-list--layout-traditional elementor-list-item-link-full_width elementor-widget elementor-widget-icon-list\" data-id=\"1c3383a\" data-element_type=\"widget\" data-e-type=\"widget\" data-widget_type=\"icon-list.default\">\n\t\t\t\t\t\t\t<ul class=\"elementor-icon-list-items\">\n\t\t\t\t\t\t\t<li class=\"elementor-icon-list-item\">\n\t\t\t\t\t\t\t\t\t\t\t<span class=\"elementor-icon-list-icon\">\n\t\t\t\t\t\t\t<svg aria-hidden=\"true\" class=\"e-font-icon-svg e-fas-check\" viewBox=\"0 0 512 512\" xmlns=\"http:\/\/www.w3.org\/2000\/svg\"><path d=\"M173.898 439.404l-166.4-166.4c-9.997-9.997-9.997-26.206 0-36.204l36.203-36.204c9.997-9.998 26.207-9.998 36.204 0L192 312.69 432.095 72.596c9.997-9.997 26.207-9.997 36.204 0l36.203 36.204c9.997 9.997 9.997 26.206 0 36.204l-294.4 294.401c-9.998 9.997-26.207 9.997-36.204-.001z\"><\/path><\/svg>\t\t\t\t\t\t<\/span>\n\t\t\t\t\t\t\t\t\t\t<span class=\"elementor-icon-list-text\">We operate high-frequency services on the Ibiza-Formentera route, offering flexible timetables tailored to both residents and visitors. <\/span>\n\t\t\t\t\t\t\t\t\t<\/li>\n\t\t\t\t\t\t\t\t<li class=\"elementor-icon-list-item\">\n\t\t\t\t\t\t\t\t\t\t\t<span class=\"elementor-icon-list-icon\">\n\t\t\t\t\t\t\t<svg aria-hidden=\"true\" class=\"e-font-icon-svg e-fas-check\" viewBox=\"0 0 512 512\" xmlns=\"http:\/\/www.w3.org\/2000\/svg\"><path d=\"M173.898 439.404l-166.4-166.4c-9.997-9.997-9.997-26.206 0-36.204l36.203-36.204c9.997-9.998 26.207-9.998 36.204 0L192 312.69 432.095 72.596c9.997-9.997 26.207-9.997 36.204 0l36.203 36.204c9.997 9.997 9.997 26.206 0 36.204l-294.4 294.401c-9.998 9.997-26.207 9.997-36.204-.001z\"><\/path><\/svg>\t\t\t\t\t\t<\/span>\n\t\t\t\t\t\t\t\t\t\t<span class=\"elementor-icon-list-text\">We have also expanded our network with seasonal connections to Valencia and Mallorca, enhancing our key role in Mediterranean mobility.<\/span>\n\t\t\t\t\t\t\t\t\t<\/li>\n\t\t\t\t\t\t<\/ul>\n\t\t\t\t\t\t<\/div>\n\t\t\t\t<\/div>\n\t\t\t\t<\/div>\n\t\t<div class=\"elementor-element elementor-element-fa00e65 e-con-full e-flex e-con e-child\" data-id=\"fa00e65\" data-element_type=\"container\" data-e-type=\"container\" data-settings=\"{&quot;background_background&quot;:&quot;classic&quot;}\">\n\t\t\t\t<div class=\"elementor-element elementor-element-e083020 elementor-widget elementor-widget-heading\" data-id=\"e083020\" data-element_type=\"widget\" data-e-type=\"widget\" data-widget_type=\"heading.default\">\n\t\t\t\t\t<h5 class=\"elementor-heading-title elementor-size-default\">Contact Info<\/h5>\t\t\t\t<\/div>\n\t\t\t\t<div class=\"elementor-element elementor-element-9446f8f elementor-widget elementor-widget-spacer\" data-id=\"9446f8f\" data-element_type=\"widget\" data-e-type=\"widget\" data-widget_type=\"spacer.default\">\n\t\t\t\t\t\t\t<div class=\"elementor-spacer\">\n\t\t\t<div class=\"elementor-spacer-inner\"><\/div>\n\t\t<\/div>\n\t\t\t\t\t\t<\/div>\n\t\t<div class=\"elementor-element elementor-element-913021e e-con-full e-grid e-con e-child\" data-id=\"913021e\" data-element_type=\"container\" data-e-type=\"container\">\n\t\t\t\t<div class=\"elementor-element elementor-element-dc274fa elementor-widget elementor-widget-text-editor\" data-id=\"dc274fa\" data-element_type=\"widget\" data-e-type=\"widget\" data-widget_type=\"text-editor.default\">\n\t\t\t\t\t\t\t\t\t<p><strong>Web:<\/strong> www.trasmapi.com<br><strong>Phone:<\/strong> +34 971 314 433<br><strong>Mail:<\/strong> callcenter@trasmapi.com<br><strong>Ticket Offices Formentera: <\/strong>Estaci\u00f3n Mar\u00edtima Puerto La Savina, 07870 Formentera.<br><strong>Ticket Offices Ibiza: <\/strong>Estaci\u00f3n Mar\u00edtima Ibiza-Formentera, Avenida Santa Eulalia del R\u00edo 100 A, Taquilla 3 y 4, 07800 Ibiza.<\/p>\t\t\t\t\t\t\t\t<\/div>\n\t\t\t\t<\/div>\n\t\t\t\t<div class=\"elementor-element elementor-element-95383ff elementor-widget-divider--view-line elementor-widget elementor-widget-divider\" data-id=\"95383ff\" data-element_type=\"widget\" data-e-type=\"widget\" data-widget_type=\"divider.default\">\n\t\t\t\t\t\t\t<div class=\"elementor-divider\">\n\t\t\t<span class=\"elementor-divider-separator\">\n\t\t\t\t\t\t<\/span>\n\t\t<\/div>\n\t\t\t\t\t\t<\/div>\n\t\t\t\t<div class=\"elementor-element elementor-element-0b949a1 elementor-widget elementor-widget-spacer\" data-id=\"0b949a1\" data-element_type=\"widget\" data-e-type=\"widget\" data-widget_type=\"spacer.default\">\n\t\t\t\t\t\t\t<div class=\"elementor-spacer\">\n\t\t\t<div class=\"elementor-spacer-inner\"><\/div>\n\t\t<\/div>\n\t\t\t\t\t\t<\/div>\n\t\t\t\t<div class=\"elementor-element elementor-element-9ea84fc elementor-widget elementor-widget-heading\" data-id=\"9ea84fc\" data-element_type=\"widget\" data-e-type=\"widget\" data-widget_type=\"heading.default\">\n\t\t\t\t\t<h5 class=\"elementor-heading-title elementor-size-default\">Fleet and benefits<\/h5>\t\t\t\t<\/div>\n\t\t\t\t<div class=\"elementor-element elementor-element-95a9c37 elementor-widget elementor-widget-spacer\" data-id=\"95a9c37\" data-element_type=\"widget\" data-e-type=\"widget\" data-widget_type=\"spacer.default\">\n\t\t\t\t\t\t\t<div class=\"elementor-spacer\">\n\t\t\t<div class=\"elementor-spacer-inner\"><\/div>\n\t\t<\/div>\n\t\t\t\t\t\t<\/div>\n\t\t<div class=\"elementor-element elementor-element-781f50e e-con-full e-grid e-con e-child\" data-id=\"781f50e\" data-element_type=\"container\" data-e-type=\"container\">\n\t\t\t\t<div class=\"elementor-element elementor-element-3ddd55b elementor-widget elementor-widget-text-editor\" data-id=\"3ddd55b\" data-element_type=\"widget\" data-e-type=\"widget\" data-widget_type=\"text-editor.default\">\n\t\t\t\t\t\t\t\t\t<p>We operate a modern fleet of high-speed ferries, capable of carrying both passengers and vehicles. Our ships are designed to deliver comfort, safety and speed, with onboard services that make every journey more enjoyable.<\/p><p>For more than half a century, Trasmapi has stood for reliability, innovation and true customer focus.<\/p>\t\t\t\t\t\t\t\t<\/div>\n\t\t\t\t<\/div>\n\t\t\t\t<div class=\"elementor-element elementor-element-3f9c9f0 elementor-widget elementor-widget-spacer\" data-id=\"3f9c9f0\" data-element_type=\"widget\" data-e-type=\"widget\" data-widget_type=\"spacer.default\">\n\t\t\t\t\t\t\t<div class=\"elementor-spacer\">\n\t\t\t<div class=\"elementor-spacer-inner\"><\/div>\n\t\t<\/div>\n\t\t\t\t\t\t<\/div>\n\t\t\t\t<div class=\"elementor-element elementor-element-b90ef98 elementor-mobile-align-center elementor-widget elementor-widget-button\" data-id=\"b90ef98\" data-element_type=\"widget\" data-e-type=\"widget\" data-widget_type=\"button.default\">\n\t\t\t\t\t\t\t\t\t\t<a class=\"elementor-button elementor-button-link elementor-size-md elementor-animation-float\" href=\"https:\/\/www.trasmapi.com\/\" target=\"_blank\" rel=\"nofollow\">\n\t\t\t\t\t\t<span class=\"elementor-button-content-wrapper\">\n\t\t\t\t\t\t<span class=\"elementor-button-icon\">\n\t\t\t\t<i aria-hidden=\"true\" class=\"material-icons md-chevron_right\" data-md-icon=\"chevron_right\"><\/i>\t\t\t<\/span>\n\t\t\t\t\t\t\t\t\t<span class=\"elementor-button-text\">Visit website<\/span>\n\t\t\t\t\t<\/span>\n\t\t\t\t\t<\/a>\n\t\t\t\t\t\t\t\t<\/div>\n\t\t\t\t<\/div>\n\t\t\t\t\t<\/div>\n\t\t\t\t<\/div>\n\t\t\t\t<\/div>\n\t\t","protected":false},"excerpt":{"rendered":"<p>Inicio \/ Leader on the Ibiza-Formentera route Trasmapi has always been at the forefront of ferry travel between Ibiza and Formentera. Founded in the 1960s, we have grown to become [&hellip;]<\/p>\n","protected":false},"author":1,"featured_media":0,"parent":2292,"menu_order":0,"comment_status":"closed","ping_status":"closed","template":"","meta":{"footnotes":""},"class_list":["post-2295","page","type-page","status-publish","hentry"],"yoast_head":"<!-- This site is optimized with the Yoast SEO plugin v27.2 - https:\/\/yoast.com\/product\/yoast-seo-wordpress\/ -->\n<title>Trasmapi - IPM- IMG | Marine Group<\/title>\n<meta name=\"robots\" content=\"index, follow, max-snippet:-1, max-image-preview:large, max-video-preview:-1\" \/>\n<link rel=\"canonical\" href=\"https:\/\/www.ipm-img-marinegroup.com\/en\/ferry-operators\/trasmapi\/\" \/>\n<meta property=\"og:locale\" content=\"en_US\" \/>\n<meta property=\"og:type\" content=\"article\" \/>\n<meta property=\"og:title\" content=\"Trasmapi - IPM- IMG | Marine Group\" \/>\n<meta property=\"og:description\" content=\"Inicio \/ Leader on the Ibiza-Formentera route Trasmapi has always been at the forefront of ferry travel between Ibiza and Formentera. Founded in the 1960s, we have grown to become [&hellip;]\" \/>\n<meta property=\"og:url\" content=\"https:\/\/www.ipm-img-marinegroup.com\/en\/ferry-operators\/trasmapi\/\" \/>\n<meta property=\"og:site_name\" content=\"IPM- IMG | Marine Group\" \/>\n<meta property=\"article:modified_time\" content=\"2026-01-22T14:14:46+00:00\" \/>\n<meta property=\"og:image\" content=\"https:\/\/www.ipm-img-marinegroup.com\/wp-content\/uploads\/2025\/11\/Logo-Trasmapi-50-Aniv-final-azul-fecha-scaled.png\" \/>\n\t<meta property=\"og:image:width\" content=\"2560\" \/>\n\t<meta property=\"og:image:height\" content=\"345\" \/>\n\t<meta property=\"og:image:type\" content=\"image\/png\" \/>\n<meta name=\"twitter:card\" content=\"summary_large_image\" \/>\n<meta name=\"twitter:label1\" content=\"Est. reading time\" \/>\n\t<meta name=\"twitter:data1\" content=\"1 minute\" \/>\n<script type=\"application\/ld+json\" class=\"yoast-schema-graph\">{\"@context\":\"https:\/\/schema.org\",\"@graph\":[{\"@type\":\"WebPage\",\"@id\":\"https:\/\/www.ipm-img-marinegroup.com\/en\/ferry-operators\/trasmapi\/\",\"url\":\"https:\/\/www.ipm-img-marinegroup.com\/en\/ferry-operators\/trasmapi\/\",\"name\":\"Trasmapi - IPM- IMG | Marine Group\",\"isPartOf\":{\"@id\":\"https:\/\/www.ipm-img-marinegroup.com\/en\/#website\"},\"primaryImageOfPage\":{\"@id\":\"https:\/\/www.ipm-img-marinegroup.com\/en\/ferry-operators\/trasmapi\/#primaryimage\"},\"image\":{\"@id\":\"https:\/\/www.ipm-img-marinegroup.com\/en\/ferry-operators\/trasmapi\/#primaryimage\"},\"thumbnailUrl\":\"https:\/\/www.ipm-img-marinegroup.com\/wp-content\/uploads\/2025\/11\/Logo-Trasmapi-50-Aniv-final-azul-fecha-300x40.png\",\"datePublished\":\"2025-11-04T10:08:15+00:00\",\"dateModified\":\"2026-01-22T14:14:46+00:00\",\"breadcrumb\":{\"@id\":\"https:\/\/www.ipm-img-marinegroup.com\/en\/ferry-operators\/trasmapi\/#breadcrumb\"},\"inLanguage\":\"en-US\",\"potentialAction\":[{\"@type\":\"ReadAction\",\"target\":[\"https:\/\/www.ipm-img-marinegroup.com\/en\/ferry-operators\/trasmapi\/\"]}]},{\"@type\":\"ImageObject\",\"inLanguage\":\"en-US\",\"@id\":\"https:\/\/www.ipm-img-marinegroup.com\/en\/ferry-operators\/trasmapi\/#primaryimage\",\"url\":\"https:\/\/www.ipm-img-marinegroup.com\/wp-content\/uploads\/2025\/11\/Logo-Trasmapi-50-Aniv-final-azul-fecha-300x40.png\",\"contentUrl\":\"https:\/\/www.ipm-img-marinegroup.com\/wp-content\/uploads\/2025\/11\/Logo-Trasmapi-50-Aniv-final-azul-fecha-300x40.png\"},{\"@type\":\"BreadcrumbList\",\"@id\":\"https:\/\/www.ipm-img-marinegroup.com\/en\/ferry-operators\/trasmapi\/#breadcrumb\",\"itemListElement\":[{\"@type\":\"ListItem\",\"position\":1,\"name\":\"Portada\",\"item\":\"https:\/\/www.ipm-img-marinegroup.com\/en\/home\/\"},{\"@type\":\"ListItem\",\"position\":2,\"name\":\"Ferry Operators\",\"item\":\"https:\/\/www.ipm-img-marinegroup.com\/en\/ferry-operators\/\"},{\"@type\":\"ListItem\",\"position\":3,\"name\":\"Trasmapi\"}]},{\"@type\":\"WebSite\",\"@id\":\"https:\/\/www.ipm-img-marinegroup.com\/en\/#website\",\"url\":\"https:\/\/www.ipm-img-marinegroup.com\/en\/\",\"name\":\"IPM- IMG | Marine Group\",\"description\":\"\",\"publisher\":{\"@id\":\"https:\/\/www.ipm-img-marinegroup.com\/en\/#organization\"},\"potentialAction\":[{\"@type\":\"SearchAction\",\"target\":{\"@type\":\"EntryPoint\",\"urlTemplate\":\"https:\/\/www.ipm-img-marinegroup.com\/en\/?s={search_term_string}\"},\"query-input\":{\"@type\":\"PropertyValueSpecification\",\"valueRequired\":true,\"valueName\":\"search_term_string\"}}],\"inLanguage\":\"en-US\"},{\"@type\":\"Organization\",\"@id\":\"https:\/\/www.ipm-img-marinegroup.com\/en\/#organization\",\"name\":\"IPM- IMG | Marine Group\",\"url\":\"https:\/\/www.ipm-img-marinegroup.com\/en\/\",\"logo\":{\"@type\":\"ImageObject\",\"inLanguage\":\"en-US\",\"@id\":\"https:\/\/www.ipm-img-marinegroup.com\/en\/#\/schema\/logo\/image\/\",\"url\":\"https:\/\/www.ipm-img-marinegroup.com\/wp-content\/uploads\/2025\/09\/LOGO-IPMIMG-PNG.png\",\"contentUrl\":\"https:\/\/www.ipm-img-marinegroup.com\/wp-content\/uploads\/2025\/09\/LOGO-IPMIMG-PNG.png\",\"width\":1643,\"height\":813,\"caption\":\"IPM- IMG | Marine Group\"},\"image\":{\"@id\":\"https:\/\/www.ipm-img-marinegroup.com\/en\/#\/schema\/logo\/image\/\"}}]}<\/script>\n<!-- \/ Yoast SEO plugin. -->","yoast_head_json":{"title":"Trasmapi - IPM- IMG | Marine Group","robots":{"index":"index","follow":"follow","max-snippet":"max-snippet:-1","max-image-preview":"max-image-preview:large","max-video-preview":"max-video-preview:-1"},"canonical":"https:\/\/www.ipm-img-marinegroup.com\/en\/ferry-operators\/trasmapi\/","og_locale":"en_US","og_type":"article","og_title":"Trasmapi - IPM- IMG | Marine Group","og_description":"Inicio \/ Leader on the Ibiza-Formentera route Trasmapi has always been at the forefront of ferry travel between Ibiza and Formentera. Founded in the 1960s, we have grown to become [&hellip;]","og_url":"https:\/\/www.ipm-img-marinegroup.com\/en\/ferry-operators\/trasmapi\/","og_site_name":"IPM- IMG | Marine Group","article_modified_time":"2026-01-22T14:14:46+00:00","og_image":[{"width":2560,"height":345,"url":"https:\/\/www.ipm-img-marinegroup.com\/wp-content\/uploads\/2025\/11\/Logo-Trasmapi-50-Aniv-final-azul-fecha-scaled.png","type":"image\/png"}],"twitter_card":"summary_large_image","twitter_misc":{"Est. reading time":"1 minute"},"schema":{"@context":"https:\/\/schema.org","@graph":[{"@type":"WebPage","@id":"https:\/\/www.ipm-img-marinegroup.com\/en\/ferry-operators\/trasmapi\/","url":"https:\/\/www.ipm-img-marinegroup.com\/en\/ferry-operators\/trasmapi\/","name":"Trasmapi - IPM- IMG | Marine Group","isPartOf":{"@id":"https:\/\/www.ipm-img-marinegroup.com\/en\/#website"},"primaryImageOfPage":{"@id":"https:\/\/www.ipm-img-marinegroup.com\/en\/ferry-operators\/trasmapi\/#primaryimage"},"image":{"@id":"https:\/\/www.ipm-img-marinegroup.com\/en\/ferry-operators\/trasmapi\/#primaryimage"},"thumbnailUrl":"https:\/\/www.ipm-img-marinegroup.com\/wp-content\/uploads\/2025\/11\/Logo-Trasmapi-50-Aniv-final-azul-fecha-300x40.png","datePublished":"2025-11-04T10:08:15+00:00","dateModified":"2026-01-22T14:14:46+00:00","breadcrumb":{"@id":"https:\/\/www.ipm-img-marinegroup.com\/en\/ferry-operators\/trasmapi\/#breadcrumb"},"inLanguage":"en-US","potentialAction":[{"@type":"ReadAction","target":["https:\/\/www.ipm-img-marinegroup.com\/en\/ferry-operators\/trasmapi\/"]}]},{"@type":"ImageObject","inLanguage":"en-US","@id":"https:\/\/www.ipm-img-marinegroup.com\/en\/ferry-operators\/trasmapi\/#primaryimage","url":"https:\/\/www.ipm-img-marinegroup.com\/wp-content\/uploads\/2025\/11\/Logo-Trasmapi-50-Aniv-final-azul-fecha-300x40.png","contentUrl":"https:\/\/www.ipm-img-marinegroup.com\/wp-content\/uploads\/2025\/11\/Logo-Trasmapi-50-Aniv-final-azul-fecha-300x40.png"},{"@type":"BreadcrumbList","@id":"https:\/\/www.ipm-img-marinegroup.com\/en\/ferry-operators\/trasmapi\/#breadcrumb","itemListElement":[{"@type":"ListItem","position":1,"name":"Portada","item":"https:\/\/www.ipm-img-marinegroup.com\/en\/home\/"},{"@type":"ListItem","position":2,"name":"Ferry Operators","item":"https:\/\/www.ipm-img-marinegroup.com\/en\/ferry-operators\/"},{"@type":"ListItem","position":3,"name":"Trasmapi"}]},{"@type":"WebSite","@id":"https:\/\/www.ipm-img-marinegroup.com\/en\/#website","url":"https:\/\/www.ipm-img-marinegroup.com\/en\/","name":"IPM- IMG | Marine Group","description":"","publisher":{"@id":"https:\/\/www.ipm-img-marinegroup.com\/en\/#organization"},"potentialAction":[{"@type":"SearchAction","target":{"@type":"EntryPoint","urlTemplate":"https:\/\/www.ipm-img-marinegroup.com\/en\/?s={search_term_string}"},"query-input":{"@type":"PropertyValueSpecification","valueRequired":true,"valueName":"search_term_string"}}],"inLanguage":"en-US"},{"@type":"Organization","@id":"https:\/\/www.ipm-img-marinegroup.com\/en\/#organization","name":"IPM- IMG | Marine Group","url":"https:\/\/www.ipm-img-marinegroup.com\/en\/","logo":{"@type":"ImageObject","inLanguage":"en-US","@id":"https:\/\/www.ipm-img-marinegroup.com\/en\/#\/schema\/logo\/image\/","url":"https:\/\/www.ipm-img-marinegroup.com\/wp-content\/uploads\/2025\/09\/LOGO-IPMIMG-PNG.png","contentUrl":"https:\/\/www.ipm-img-marinegroup.com\/wp-content\/uploads\/2025\/09\/LOGO-IPMIMG-PNG.png","width":1643,"height":813,"caption":"IPM- IMG | Marine Group"},"image":{"@id":"https:\/\/www.ipm-img-marinegroup.com\/en\/#\/schema\/logo\/image\/"}}]}},"_links":{"self":[{"href":"https:\/\/www.ipm-img-marinegroup.com\/en\/wp-json\/wp\/v2\/pages\/2295","targetHints":{"allow":["GET"]}}],"collection":[{"href":"https:\/\/www.ipm-img-marinegroup.com\/en\/wp-json\/wp\/v2\/pages"}],"about":[{"href":"https:\/\/www.ipm-img-marinegroup.com\/en\/wp-json\/wp\/v2\/types\/page"}],"author":[{"embeddable":true,"href":"https:\/\/www.ipm-img-marinegroup.com\/en\/wp-json\/wp\/v2\/users\/1"}],"replies":[{"embeddable":true,"href":"https:\/\/www.ipm-img-marinegroup.com\/en\/wp-json\/wp\/v2\/comments?post=2295"}],"version-history":[{"count":1,"href":"https:\/\/www.ipm-img-marinegroup.com\/en\/wp-json\/wp\/v2\/pages\/2295\/revisions"}],"predecessor-version":[{"id":2296,"href":"https:\/\/www.ipm-img-marinegroup.com\/en\/wp-json\/wp\/v2\/pages\/2295\/revisions\/2296"}],"up":[{"embeddable":true,"href":"https:\/\/www.ipm-img-marinegroup.com\/en\/wp-json\/wp\/v2\/pages\/2292"}],"wp:attachment":[{"href":"https:\/\/www.ipm-img-marinegroup.com\/en\/wp-json\/wp\/v2\/media?parent=2295"}],"curies":[{"name":"wp","href":"https:\/\/api.w.org\/{rel}","templated":true}]}}